{"id":487,"date":"2022-05-26T12:00:03","date_gmt":"2022-05-26T15:00:03","guid":{"rendered":"https:\/\/vbk.pet\/www\/?page_id=487"},"modified":"2022-05-26T17:24:40","modified_gmt":"2022-05-26T20:24:40","slug":"racas","status":"publish","type":"page","link":"https:\/\/vbk.pet\/www\/racas\/","title":{"rendered":"Ra\u00e7as"},"content":{"rendered":"\n<section id=\"wp-block-themeisle-blocks-advanced-columns-2486197b\" class=\"wp-block-themeisle-blocks-advanced-columns alignfull has-1-columns has-desktop-equal-layout has-tablet-equal-layout has-mobile-equal-layout has-vertical-center\"><div class=\"wp-block-themeisle-blocks-advanced-columns-overlay\"><\/div><div class=\"innerblocks-wrap\">\n<div id=\"wp-block-themeisle-blocks-advanced-column-fe550b0c\" class=\"wp-block-themeisle-blocks-advanced-column\">\n<div style=\"height:20px\" aria-hidden=\"true\" class=\"wp-block-spacer\"><\/div>\n\n\n\n<section id=\"wp-block-themeisle-blocks-advanced-columns-3184f42c\" class=\"wp-block-themeisle-blocks-advanced-columns has-2-columns has-desktop-equal-layout has-tablet-collapsedRows-layout has-mobile-collapsedRows-layout has-vertical-center\"><div class=\"wp-block-themeisle-blocks-advanced-columns-overlay\"><\/div><div class=\"innerblocks-wrap\">\n<div id=\"wp-block-themeisle-blocks-advanced-column-25f7ba07\" class=\"wp-block-themeisle-blocks-advanced-column\">\n<div id=\"wp-block-themeisle-blocks-advanced-heading-89dd93bc\" class=\"wp-block-themeisle-blocks-advanced-heading wp-block-themeisle-blocks-advanced-heading-89dd93bc\"><strong>Ra\u00e7as<\/strong><\/div>\n\n\n\n<h1 id=\"wp-block-themeisle-blocks-advanced-heading-df0c1140\" class=\"wp-block-themeisle-blocks-advanced-heading wp-block-themeisle-blocks-advanced-heading-df0c1140\">Saiba mais sobre o seu pr\u00f3ximo AUmigo<\/h1>\n<\/div>\n\n\n\n<div id=\"wp-block-themeisle-blocks-advanced-column-5d7d25f9\" class=\"wp-block-themeisle-blocks-advanced-column\"><\/div>\n<\/div><\/section>\n\n\n\n<section id=\"wp-block-themeisle-blocks-advanced-columns-65a32a72\" class=\"wp-block-themeisle-blocks-advanced-columns has-2-columns has-desktop-equal-layout has-tablet-equal-layout has-mobile-collapsedRows-layout has-vertical-center\"><div class=\"wp-block-themeisle-blocks-advanced-columns-overlay\"><\/div><div class=\"innerblocks-wrap\">\n<div id=\"wp-block-themeisle-blocks-advanced-column-be46ba15\" class=\"wp-block-themeisle-blocks-advanced-column\">\n<p id=\"wp-block-themeisle-blocks-font-awesome-icons-2674993e\" class=\"wp-block-themeisle-blocks-font-awesome-icons\"><span class=\"wp-block-themeisle-blocks-font-awesome-icons-container\"><i class=\"fas fa-asterisk\"><\/i><\/span><\/p>\n\n\n\n<h3 class=\"has-text-align-left has-white-color has-text-color wp-block-heading\">Doberman<\/h3>\n\n\n\n<p class=\"has-text-align-left has-white-color has-text-color\"><\/p>\n<\/div>\n\n\n\n<div id=\"wp-block-themeisle-blocks-advanced-column-18309828\" class=\"wp-block-themeisle-blocks-advanced-column\">\n<p id=\"wp-block-themeisle-blocks-font-awesome-icons-869f6743\" class=\"wp-block-themeisle-blocks-font-awesome-icons\"><span class=\"wp-block-themeisle-blocks-font-awesome-icons-container\"><i class=\"fas fa-battery-half\"><\/i><\/span><\/p>\n\n\n\n<h3 class=\"has-text-align-left has-white-color has-text-color wp-block-heading\">Golden Retriever<\/h3>\n\n\n\n<p class=\"has-text-align-left has-white-color has-text-color\"><\/p>\n<\/div>\n<\/div><\/section>\n<\/div>\n<\/div><\/section>\n\n\n\n<section id=\"wp-block-themeisle-blocks-advanced-columns-335a2f03\" class=\"wp-block-themeisle-blocks-advanced-columns alignfull has-1-columns has-desktop-equal-layout has-tablet-equal-layout has-mobile-equal-layout has-vertical-flex-start\"><div class=\"wp-block-themeisle-blocks-advanced-columns-overlay\"><\/div><div class=\"innerblocks-wrap\">\n<div id=\"wp-block-themeisle-blocks-advanced-column-5d90343f\" class=\"wp-block-themeisle-blocks-advanced-column\">\n<section id=\"wp-block-themeisle-blocks-advanced-columns-b2ead1d6\" class=\"wp-block-themeisle-blocks-advanced-columns has-2-columns has-desktop-equal-layout has-tablet-equal-layout has-mobile-collapsedRows-layout has-vertical-flex-start\"><div class=\"wp-block-themeisle-blocks-advanced-columns-overlay\"><\/div><div class=\"innerblocks-wrap\">\n<div id=\"wp-block-themeisle-blocks-advanced-column-7c705a1c\" class=\"wp-block-themeisle-blocks-advanced-column\">\n<div id=\"wp-block-themeisle-blocks-advanced-heading-ea5e7576\" class=\"wp-block-themeisle-blocks-advanced-heading wp-block-themeisle-blocks-advanced-heading-ea5e7576\">EXPECTATIVA DE VIDA: 10 A 13 ANOS.<br>Altura: 61 a 72 cm. Peso: 32 a 45 kg.<br><\/div>\n\n\n\n<h1 class=\"has-text-align-left wp-block-heading\">Doberman<\/h1>\n\n\n\n<p>O Doberman \u00e9 uma ra\u00e7a muito procurada. Pois, al\u00e9m de ser am\u00e1vel e muito companheiro, esses c\u00e3es s\u00e3o \u00f3timos quando se trata de seguran\u00e7a. Sem d\u00favida, esse \u00e9 um dos principais motivos para serem escolhidos em escoltas e resgates.<\/p>\n\n\n\n<p>A reputa\u00e7\u00e3o feroz do Doberman o precede.<\/p>\n\n\n\n<p>Ele \u00e9 temido por quem n\u00e3o o conhece, estereotipado como muito agressivo e mesquinho. \u00c9 certo que ele \u00e9 um guarda formid\u00e1vel, mas geralmente \u00e9 um c\u00e3o amig\u00e1vel, vigilante e amoroso. Ele n\u00e3o procura problemas, mas \u00e9 destemido e defender\u00e1 sua fam\u00edlia e seu territ\u00f3rio quando vir o perigo. Al\u00e9m disso, o Doberman \u00e9 muito inteligente. Ele \u00e9 \u00f3timo com comandos e est\u00e1 sempre muito atento ao que acontece ao seu redor. Desde j\u00e1, por\u00e9m, vale alertar que esse c\u00e3o demanda muitas atividades porque apresentam muito pique e energia para correr e brincar.<br><br>O Dobermann gosta de fazer parte de uma fam\u00edlia. Ele gosta de estar perto daqueles que ama e, quando esse amor est\u00e1 presente, ele se torna um grande protetor.<\/p>\n<\/div>\n\n\n\n<div id=\"wp-block-themeisle-blocks-advanced-column-5f9a9ec0\" class=\"wp-block-themeisle-blocks-advanced-column\">\n<figure class=\"wp-block-image size-large\"><img loading=\"lazy\" decoding=\"async\" width=\"1024\" height=\"768\" src=\"https:\/\/vbk.pet\/www\/wp-content\/uploads\/2022\/05\/20200526_164536_resized-1024x768.jpg\" alt=\"\" class=\"wp-image-494\" srcset=\"https:\/\/vbk.pet\/www\/wp-content\/uploads\/2022\/05\/20200526_164536_resized-1024x768.jpg 1024w, https:\/\/vbk.pet\/www\/wp-content\/uploads\/2022\/05\/20200526_164536_resized-300x225.jpg 300w, https:\/\/vbk.pet\/www\/wp-content\/uploads\/2022\/05\/20200526_164536_resized-768x576.jpg 768w, https:\/\/vbk.pet\/www\/wp-content\/uploads\/2022\/05\/20200526_164536_resized-1536x1152.jpg 1536w, https:\/\/vbk.pet\/www\/wp-content\/uploads\/2022\/05\/20200526_164536_resized.jpg 2016w\" sizes=\"auto, (max-width: 1024px) 100vw, 1024px\" \/><\/figure>\n<\/div>\n<\/div><\/section>\n\n\n\n<section id=\"wp-block-themeisle-blocks-advanced-columns-8e7cc7ae\" class=\"wp-block-themeisle-blocks-advanced-columns has-3-columns has-desktop-equal-layout has-tablet-equal-layout has-mobile-collapsedRows-layout has-vertical-flex-start\"><div class=\"wp-block-themeisle-blocks-advanced-columns-overlay\"><\/div><div class=\"innerblocks-wrap\">\n<div id=\"wp-block-themeisle-blocks-advanced-column-725f10a7\" class=\"wp-block-themeisle-blocks-advanced-column\">\n<h3 class=\"has-text-align-left wp-block-heading\">Adapta\u00e7\u00e3o<\/h3>\n\n\n\n<p>Adapta\u00e7\u00e3o em apartamento<br>Gosta de ficar sozinho<br>Toler\u00e2ncia ao frio<br>Toler\u00e2ncia ao calor<\/p>\n<\/div>\n\n\n\n<div id=\"wp-block-themeisle-blocks-advanced-column-3c67f726\" class=\"wp-block-themeisle-blocks-advanced-column\">\n<h3 class=\"has-text-align-left wp-block-heading\">Sa\u00fade<\/h3>\n\n\n\n<p>Requer cuidados<br>Solta pelos<br>\u00c9 bab\u00e3o<br>Facilidade de ganhar peso<\/p>\n<\/div>\n\n\n\n<div id=\"wp-block-themeisle-blocks-advanced-column-4956dbc0\" class=\"wp-block-themeisle-blocks-advanced-column\">\n<h3 class=\"has-text-align-left wp-block-heading\">Comportamento<\/h3>\n\n\n\n<p>F\u00e1cil de adestrar<br>Intelig\u00eancia<br>Tend\u00eancia de latir<br>C\u00e3o de guarda<br>Necessidade de exerc\u00edcios<br>Energia<\/p>\n<\/div>\n<\/div><\/section>\n\n\n\n<section id=\"wp-block-themeisle-blocks-advanced-columns-f0f26b35\" class=\"wp-block-themeisle-blocks-advanced-columns has-1-columns has-desktop-equal-layout has-tablet-equal-layout has-mobile-collapsedRows-layout has-vertical-flex-start\"><div class=\"wp-block-themeisle-blocks-advanced-columns-overlay\"><\/div><div class=\"innerblocks-wrap\">\n<div id=\"wp-block-themeisle-blocks-advanced-column-c16e1571\" class=\"wp-block-themeisle-blocks-advanced-column\">\n<h3 class=\"has-text-align-left wp-block-heading\">Hist\u00f3ria<\/h3>\n\n\n\n<p>Muitas lendas negras foram contadas no passado sobre o Dobermann. Por exemplo, foi relatado v\u00e1rias vezes que seus c\u00e9rebros est\u00e3o se desenvolvendo mais r\u00e1pido que seus cr\u00e2nios, o que acaba os deixando loucos. Tamb\u00e9m foi dito que o Doberman era uma ra\u00e7a de c\u00e3es de laborat\u00f3rio criada por Hitler para obter c\u00e3es ferozes e agressivos.<br><br>A ra\u00e7a Doberman \u00e9 bastante jovem em compara\u00e7\u00e3o com outras ra\u00e7as. De fato, suas origens remontam ao final do s\u00e9culo XIX, quando um cobrador de impostos alem\u00e3o chamado Karl Friedrich Louis Dobermann decidiu criar uma nova ra\u00e7a de c\u00e3es atrav\u00e9s de v\u00e1rios cruzamentos. O objetivo era dar \u00e0 luz um c\u00e3o de defesa por causa do medo que ele sentia durante seu trabalho como cobrador de impostos. Al\u00e9m disso, Karl Friedrich Louis Dobermann tamb\u00e9m temia que ladr\u00f5es o atacassem para roubar o dinheiro que ele arrecadava durante seu trabalho. Para resolver o problema, Dobermann cruzou diferentes ra\u00e7as de c\u00e3es, como Rottweiler, Weimaraner entre outros. Esses cruzamentos criaram o Dobermann, um dos melhores c\u00e3es de guarda que existem hoje.<br><br>A mistura era o desejo de um \u00fanico resultado: que o doberman fosse forte, leal e muito inteligente. Ali\u00e1s, a ra\u00e7a recebeu esse nome por conta de seu criador, o cobrador de impostos.<\/p>\n<\/div>\n<\/div><\/section>\n\n\n\n<section id=\"wp-block-themeisle-blocks-advanced-columns-12057411\" class=\"wp-block-themeisle-blocks-advanced-columns has-1-columns has-desktop-equal-layout has-tablet-equal-layout has-mobile-collapsedRows-layout has-vertical-flex-start\"><div class=\"wp-block-themeisle-blocks-advanced-columns-overlay\"><\/div><div class=\"innerblocks-wrap\">\n<div id=\"wp-block-themeisle-blocks-advanced-column-57a45a7f\" class=\"wp-block-themeisle-blocks-advanced-column\">\n<h3 class=\"has-text-align-left wp-block-heading\">Personalidade<\/h3>\n\n\n\n<p>O doberman \u00e9 um c\u00e3o muito am\u00e1vel com a sua fam\u00edlia. Sobretudo, ele \u00e9 muito leal com quem lhe d\u00e1 amor e carinho. Assim, seu forte instinto de prote\u00e7\u00e3o sempre est\u00e1 em alerta. Al\u00e9m de inteligente, leal e muito afetuoso, essa ra\u00e7a apresenta outro ponto muito positivo: ser muito obediente. Um doberman aprende rapidamente a atender os comandos. Ali\u00e1s, vale ressaltar que esse c\u00e3o \u00e9 muito veloz e de grande resist\u00eancia. N\u00e3o \u00e9 \u00e0 toa que a ra\u00e7a \u00e9 escolhida para trabalhos duros, como busca e resgate tanto no servi\u00e7o policial quanto militar.<br><br>Por ser muito leal e super protetor com aqueles que ama, essa ra\u00e7a \u00e9 muito famosa por serem \u00f3timos c\u00e3es de guarda. Inegavelmente, a ra\u00e7a \u00e9 muito destemida e est\u00e1 quase sempre em estado de alerta, em vig\u00edlia. Apesar de ser um \u00f3timo c\u00e3o de guarda, o doberman adora brincar. Afinal, toda a sua energia (que n\u00e3o \u00e9 pouca) precisa ser gasta de alguma forma.<br><br>De fato, esse c\u00e3o \u00e9 muito parceiro quando se trata de passeios e outras atividades f\u00edsicas, como a corrida. Ele tamb\u00e9m precisa de muitos desafios mentais para impedir que ele fique entediado. Ele precisa de um forte dono\/l\u00edder de matilha que possa dedicar algum tempo a se dar bem com ele e trein\u00e1-lo, e que o mantenha ocupado todos os dias. Isso pode ser muito dif\u00edcil para pessoas que levam um estilo de vida mais descontra\u00eddo.<\/p>\n<\/div>\n<\/div><\/section>\n<\/div>\n<\/div><\/section>\n\n\n\n<section id=\"wp-block-themeisle-blocks-advanced-columns-56867386\" class=\"wp-block-themeisle-blocks-advanced-columns alignfull has-1-columns has-desktop-equal-layout has-tablet-equal-layout has-mobile-equal-layout has-vertical-flex-start\"><div class=\"wp-block-themeisle-blocks-advanced-columns-overlay\"><\/div><div class=\"innerblocks-wrap\">\n<div id=\"wp-block-themeisle-blocks-advanced-column-91dd8c88\" class=\"wp-block-themeisle-blocks-advanced-column\">\n<section id=\"wp-block-themeisle-blocks-advanced-columns-9d57063a\" class=\"wp-block-themeisle-blocks-advanced-columns has-2-columns has-desktop-equal-layout has-tablet-equal-layout has-mobile-collapsedRows-layout has-vertical-flex-start\"><div class=\"wp-block-themeisle-blocks-advanced-columns-overlay\"><\/div><div class=\"innerblocks-wrap\">\n<div id=\"wp-block-themeisle-blocks-advanced-column-7a67aacb\" class=\"wp-block-themeisle-blocks-advanced-column\">\n<div id=\"wp-block-themeisle-blocks-advanced-heading-c24113c6\" class=\"wp-block-themeisle-blocks-advanced-heading wp-block-themeisle-blocks-advanced-heading-c24113c6\">EXPECTATIVA DE VIDA: 10 A 12 ANOS.<br>Altura: 56 a 60 cm. Peso: 25 a 34 kg.<br><\/div>\n\n\n\n<h1 class=\"has-text-align-left wp-block-heading\">Golden Retriever<\/h1>\n\n\n\n<p>Muitos cachorros de grande porte costumam ser intimidadores pelo seu tamanho. No entanto, o golden retriever, tamb\u00e9m conhecido como yellow retriever, parece fugir \u00e0 regra. O golden conquista pessoas de todas as idades com sua express\u00e3o brincalhona e amig\u00e1vel, que al\u00e9m de estampar seu rosto, est\u00e1 presente em sua personalidade.<br><br>Os cachorros dessa ra\u00e7a adoram brincar e se d\u00e3o bem com qualquer um, inclusive com estranhos, crian\u00e7as e outros animais. Por isso, s\u00e3o companheiros muito leais para fam\u00edlias, especialmente quando seu tutor gosta de esportes. O golden retriever ama agradar e tamb\u00e9m se destaca por sua intelig\u00eancia e obedi\u00eancia.<\/p>\n<\/div>\n\n\n\n<div id=\"wp-block-themeisle-blocks-advanced-column-b44fe42e\" class=\"wp-block-themeisle-blocks-advanced-column\">\n<figure class=\"wp-block-image size-large\"><img loading=\"lazy\" decoding=\"async\" width=\"1024\" height=\"1024\" src=\"https:\/\/vbk.pet\/www\/wp-content\/uploads\/2022\/05\/20210926_141524_resized-edited-1024x1024.jpg\" alt=\"\" class=\"wp-image-503\" srcset=\"https:\/\/vbk.pet\/www\/wp-content\/uploads\/2022\/05\/20210926_141524_resized-edited-1024x1024.jpg 1024w, https:\/\/vbk.pet\/www\/wp-content\/uploads\/2022\/05\/20210926_141524_resized-edited-300x300.jpg 300w, https:\/\/vbk.pet\/www\/wp-content\/uploads\/2022\/05\/20210926_141524_resized-edited-150x150.jpg 150w, https:\/\/vbk.pet\/www\/wp-content\/uploads\/2022\/05\/20210926_141524_resized-edited-768x768.jpg 768w, https:\/\/vbk.pet\/www\/wp-content\/uploads\/2022\/05\/20210926_141524_resized-edited.jpg 1134w\" sizes=\"auto, (max-width: 1024px) 100vw, 1024px\" \/><\/figure>\n<\/div>\n<\/div><\/section>\n\n\n\n<section id=\"wp-block-themeisle-blocks-advanced-columns-0ca40340\" class=\"wp-block-themeisle-blocks-advanced-columns has-1-columns has-desktop-equal-layout has-tablet-equal-layout has-mobile-collapsedRows-layout has-vertical-flex-start\"><div class=\"wp-block-themeisle-blocks-advanced-columns-overlay\"><\/div><div class=\"innerblocks-wrap\">\n<div id=\"wp-block-themeisle-blocks-advanced-column-85aeb709\" class=\"wp-block-themeisle-blocks-advanced-column\">\n<h3 class=\"has-text-align-left wp-block-heading\">Hist\u00f3ria<\/h3>\n\n\n\n<p>Os registros indicam que a origem da ra\u00e7a golden retriever ocorreu na era vitoriana. Esses c\u00e3es surgiram pelo desejo de um cachorro de tamanho m\u00e9dio que conseguisse entrar na \u00e1gua gelada e nadar, para pegar peixes, bem como percorrer mata adentro para perseguir aves selvagem. No in\u00edcio dos anos 1800, a ca\u00e7a era ao mesmo tempo esporte e fonte de alimento.<br><br>Com o aumento pela procura desses c\u00e3es, os registros de 1850 a 1890 indicam que Dudley Coutts Marjoribanks, um bar\u00e3o que vivia nas proximidades de Irverness, na Esc\u00f3cia, tenha originado o golden retriever do cruzamento entre um retriever (de pelo ondulado e amarelado) e uma tweed walter spaniel (de cor amarelo escuro e pelagem crespa). Os filhotes surgiram com a promessa de serem \u00f3timos ca\u00e7adores.<br><br>No in\u00edcio, a ra\u00e7a era vista apenas como uma varia\u00e7\u00e3o de cor do retriever. Somente em 1932 foram reconhecidos pelo American Kennel Club (AKC) e devidamente registrados como golden retriever.<\/p>\n<\/div>\n<\/div><\/section>\n\n\n\n<section id=\"wp-block-themeisle-blocks-advanced-columns-d68bb74b\" class=\"wp-block-themeisle-blocks-advanced-columns has-1-columns has-desktop-equal-layout has-tablet-equal-layout has-mobile-collapsedRows-layout has-vertical-flex-start\"><div class=\"wp-block-themeisle-blocks-advanced-columns-overlay\"><\/div><div class=\"innerblocks-wrap\">\n<div id=\"wp-block-themeisle-blocks-advanced-column-2f163db7\" class=\"wp-block-themeisle-blocks-advanced-column\">\n<h3 class=\"has-text-align-left wp-block-heading\">Personalidade<\/h3>\n\n\n\n<p>Originalmente, o golden retriever era usado para ca\u00e7ar em situa\u00e7\u00f5es dif\u00edceis de serem encaradas, o que o tornou forte e trabalhador. Al\u00e9m disso, s\u00e3o cachorros muito inteligentes, obedientes, gostam de aprender e agradar, o que os torna ainda mais adequados para o trabalho, seja como ca\u00e7ador, c\u00e3o-guia, de resgate e de terapia, seja como um companheiro devotado.<br><br>Em casa, os golden retrievers s\u00e3o brincalh\u00f5es, amig\u00e1veis com todos e bastante en\u00e9rgicos. Isso significa que precisam de aten\u00e7\u00e3o e n\u00e3o dispensam uma brincadeira, assim como necessitam de muitos exerc\u00edcios di\u00e1rios para manter sua sa\u00fade f\u00edsica e mental. Golden retrievers n\u00e3o gostam muito de ficar longos per\u00edodos sozinhos e sem se exercitar \u2013 eles podem se sentir infelizes e desenvolver uma personalidade diferente da normal, at\u00e9 destruidora.<br><br>Cachorros dessa ra\u00e7a tamb\u00e9m precisam muito de treinamento, pois est\u00e3o sempre prontos para aprender novos comandos e agradar os membros da fam\u00edlia.<\/p>\n<\/div>\n<\/div><\/section>\n<\/div>\n<\/div><\/section>\n","protected":false},"excerpt":{"rendered":"","protected":false},"author":1,"featured_media":0,"parent":0,"menu_order":0,"comment_status":"closed","ping_status":"closed","template":"page-templates\/template-pagebuilder-full-width.php","meta":{"neve_meta_sidebar":"","neve_meta_container":"full-width","neve_meta_enable_content_width":"","neve_meta_content_width":0,"neve_meta_title_alignment":"","neve_meta_author_avatar":"","neve_post_elements_order":"","neve_meta_disable_header":"","neve_meta_disable_footer":"","neve_meta_disable_title":"","_themeisle_gutenberg_block_has_review":false,"_ti_tpc_template_sync":false,"_ti_tpc_template_id":"","footnotes":""},"class_list":["post-487","page","type-page","status-publish","hentry"],"_links":{"self":[{"href":"https:\/\/vbk.pet\/www\/wp-json\/wp\/v2\/pages\/487","targetHints":{"allow":["GET"]}}],"collection":[{"href":"https:\/\/vbk.pet\/www\/wp-json\/wp\/v2\/pages"}],"about":[{"href":"https:\/\/vbk.pet\/www\/wp-json\/wp\/v2\/types\/page"}],"author":[{"embeddable":true,"href":"https:\/\/vbk.pet\/www\/wp-json\/wp\/v2\/users\/1"}],"replies":[{"embeddable":true,"href":"https:\/\/vbk.pet\/www\/wp-json\/wp\/v2\/comments?post=487"}],"version-history":[{"count":9,"href":"https:\/\/vbk.pet\/www\/wp-json\/wp\/v2\/pages\/487\/revisions"}],"predecessor-version":[{"id":504,"href":"https:\/\/vbk.pet\/www\/wp-json\/wp\/v2\/pages\/487\/revisions\/504"}],"wp:attachment":[{"href":"https:\/\/vbk.pet\/www\/wp-json\/wp\/v2\/media?parent=487"}],"curies":[{"name":"wp","href":"https:\/\/api.w.org\/{rel}","templated":true}]}}