{"id":322,"date":"2020-03-27T14:10:23","date_gmt":"2020-03-27T17:10:23","guid":{"rendered":"https:\/\/demosites.io\/energy-panels-gb\/?page_id=322"},"modified":"2023-08-17T09:57:07","modified_gmt":"2023-08-17T12:57:07","slug":"servicos","status":"publish","type":"page","link":"https:\/\/vbk.pet\/www\/servicos\/","title":{"rendered":"Servi\u00e7os"},"content":{"rendered":"\n<div id=\"wp-block-themeisle-blocks-advanced-columns-f0bf6fda\" class=\"wp-block-themeisle-blocks-advanced-columns alignfull has-1-columns has-desktop-equal-layout has-tablet-equal-layout has-mobile-equal-layout has-vertical-unset\"><div class=\"wp-block-themeisle-blocks-advanced-columns-overlay\"><\/div><div class=\"innerblocks-wrap\">\n<div id=\"wp-block-themeisle-blocks-advanced-column-d86c0863\" class=\"wp-block-themeisle-blocks-advanced-column\"><\/div>\n<\/div><\/div>\n\n\n\n<div id=\"wp-block-themeisle-blocks-advanced-columns-9a38cbaa\" class=\"wp-block-themeisle-blocks-advanced-columns alignfull has-2-columns has-desktop-equal-layout has-tablet-equal-layout has-mobile-collapsedRows-layout has-vertical-unset has-default-gap ticss-af0b49bf\"><div class=\"wp-block-themeisle-blocks-advanced-columns-overlay\"><\/div><div class=\"innerblocks-wrap\">\n<div id=\"wp-block-themeisle-blocks-advanced-column-ea20ba02\" class=\"wp-block-themeisle-blocks-advanced-column\">\n<h1 id=\"wp-block-themeisle-blocks-advanced-heading-43d53a6e\" class=\"wp-block-themeisle-blocks-advanced-heading wp-block-themeisle-blocks-advanced-heading-43d53a6e\">Servi\u00e7os <\/h1>\n\n\n\n<p class=\"has-neve-text-color-color has-text-color\" style=\"font-size:19px\">N\u00f3s te ajudamos a cuidar bem do seu pet <\/p>\n<\/div>\n\n\n\n<div id=\"wp-block-themeisle-blocks-advanced-column-c28105de\" class=\"wp-block-themeisle-blocks-advanced-column\"><\/div>\n<\/div><\/div>\n\n\n\n<div id=\"wp-block-themeisle-blocks-advanced-columns-94906ce4\" class=\"wp-block-themeisle-blocks-advanced-columns alignfull has-3-columns has-desktop-equal-layout has-tablet-equal-layout has-mobile-collapsedRows-layout has-vertical-unset\"><div class=\"wp-block-themeisle-blocks-advanced-columns-overlay\"><\/div><div class=\"innerblocks-wrap\">\n<div id=\"wp-block-themeisle-blocks-advanced-column-35f07ce8\" class=\"wp-block-themeisle-blocks-advanced-column\">\n<p id=\"wp-block-themeisle-blocks-font-awesome-icons-49ee2d88\" class=\"wp-block-themeisle-blocks-font-awesome-icons\"><span class=\"wp-block-themeisle-blocks-font-awesome-icons-container\"><i class=\"fas fa-dog\"><\/i><\/span><\/p>\n\n\n\n<h3 id=\"wp-block-themeisle-blocks-advanced-heading-5677dff3\" class=\"wp-block-themeisle-blocks-advanced-heading wp-block-themeisle-blocks-advanced-heading-5677dff3\">Canil <\/h3>\n\n\n\n<p class=\"has-neve-text-color-color has-text-color\">Somos apaixonados por c\u00e3es e decidimos trabalhar pra cachorro. <\/p>\n<\/div>\n\n\n\n<div id=\"wp-block-themeisle-blocks-advanced-column-5376f978\" class=\"wp-block-themeisle-blocks-advanced-column\">\n<p id=\"wp-block-themeisle-blocks-font-awesome-icons-a92e1471\" class=\"wp-block-themeisle-blocks-font-awesome-icons\"><span class=\"wp-block-themeisle-blocks-font-awesome-icons-container\"><i class=\"fas fa-paw\"><\/i><\/span><\/p>\n\n\n\n<h3 id=\"wp-block-themeisle-blocks-advanced-heading-668908bc\" class=\"wp-block-themeisle-blocks-advanced-heading wp-block-themeisle-blocks-advanced-heading-668908bc\">Pet Shop <\/h3>\n\n\n\n<p class=\"has-neve-text-color-color has-text-color\">Seu pet n\u00e3o vai mais se estressar para tomar banho.<\/p>\n<\/div>\n\n\n\n<div id=\"wp-block-themeisle-blocks-advanced-column-8db7d879\" class=\"wp-block-themeisle-blocks-advanced-column\">\n<p id=\"wp-block-themeisle-blocks-font-awesome-icons-73b6f2fe\" class=\"wp-block-themeisle-blocks-font-awesome-icons\"><span class=\"wp-block-themeisle-blocks-font-awesome-icons-container\"><i class=\"fas fa-h-square\"><\/i><\/span><\/p>\n\n\n\n<h3 id=\"wp-block-themeisle-blocks-advanced-heading-e84e8cd4\" class=\"wp-block-themeisle-blocks-advanced-heading wp-block-themeisle-blocks-advanced-heading-e84e8cd4\">Hotel <\/h3>\n\n\n\n<p>Antes de fazer as malas, deixe seu aumigo aqui no para\u00edso.<\/p>\n<\/div>\n<\/div><\/div>\n\n\n\n<div id=\"wp-block-themeisle-blocks-advanced-columns-74309145\" class=\"wp-block-themeisle-blocks-advanced-columns alignfull has-3-columns has-desktop-equal-layout has-tablet-equal-layout has-mobile-collapsedRows-layout has-vertical-unset\"><div class=\"wp-block-themeisle-blocks-advanced-columns-overlay\"><\/div><div class=\"innerblocks-wrap\">\n<div id=\"wp-block-themeisle-blocks-advanced-column-1eb9db5c\" class=\"wp-block-themeisle-blocks-advanced-column\">\n<h6 id=\"wp-block-themeisle-blocks-advanced-heading-f915dafe\" class=\"wp-block-themeisle-blocks-advanced-heading wp-block-themeisle-blocks-advanced-heading-f915dafe\">139mi  <\/h6>\n\n\n\n<h6 id=\"wp-block-themeisle-blocks-advanced-heading-b074eea5\" class=\"wp-block-themeisle-blocks-advanced-heading wp-block-themeisle-blocks-advanced-heading-b074eea5\">  <strong>DE PETS NO BRASIL<\/strong> <\/h6>\n<\/div>\n\n\n\n<div id=\"wp-block-themeisle-blocks-advanced-column-8d0311ba\" class=\"wp-block-themeisle-blocks-advanced-column\">\n<h6 id=\"wp-block-themeisle-blocks-advanced-heading-52d2365a\" class=\"wp-block-themeisle-blocks-advanced-heading wp-block-themeisle-blocks-advanced-heading-52d2365a\">54%  <\/h6>\n\n\n\n<h6 id=\"wp-block-themeisle-blocks-advanced-heading-eef611f6\" class=\"wp-block-themeisle-blocks-advanced-heading wp-block-themeisle-blocks-advanced-heading-eef611f6\">  DE <strong>AUMENTO<\/strong> NA ADO\u00c7\u00c3O <\/h6>\n<\/div>\n\n\n\n<div id=\"wp-block-themeisle-blocks-advanced-column-b7a218e2\" class=\"wp-block-themeisle-blocks-advanced-column\">\n<h6 id=\"wp-block-themeisle-blocks-advanced-heading-5db5f3ac\" class=\"wp-block-themeisle-blocks-advanced-heading wp-block-themeisle-blocks-advanced-heading-5db5f3ac\">62%   <\/h6>\n\n\n\n<h6 id=\"wp-block-themeisle-blocks-advanced-heading-c5223225\" class=\"wp-block-themeisle-blocks-advanced-heading wp-block-themeisle-blocks-advanced-heading-c5223225\">  <strong>DAS CASAS TEM PELO MENOS UM PET<\/strong> <\/h6>\n<\/div>\n<\/div><\/div>\n\n\n\n<div id=\"wp-block-themeisle-blocks-advanced-columns-4cb307d7\" class=\"wp-block-themeisle-blocks-advanced-columns alignfull has-2-columns has-desktop-equal-layout has-tablet-equal-layout has-mobile-collapsedRows-layout has-vertical-unset\"><div class=\"wp-block-themeisle-blocks-advanced-columns-overlay\"><\/div><div class=\"innerblocks-wrap\">\n<div id=\"wp-block-themeisle-blocks-advanced-column-4f9ea1d1\" class=\"wp-block-themeisle-blocks-advanced-column\">\n<div style=\"height:20px\" aria-hidden=\"true\" class=\"wp-block-spacer\"><\/div>\n<\/div>\n\n\n\n<div id=\"wp-block-themeisle-blocks-advanced-column-467e1349\" class=\"wp-block-themeisle-blocks-advanced-column\">\n<p id=\"wp-block-themeisle-blocks-font-awesome-icons-9399be2b\" class=\"wp-block-themeisle-blocks-font-awesome-icons\"><span class=\"wp-block-themeisle-blocks-font-awesome-icons-container\"><i class=\"fas fa-receipt\"><\/i><\/span><\/p>\n\n\n\n<h2 id=\"wp-block-themeisle-blocks-advanced-heading-eedc98ba\" class=\"wp-block-themeisle-blocks-advanced-heading wp-block-themeisle-blocks-advanced-heading-eedc98ba\"> DNA com pedigree <\/h2>\n\n\n\n<p class=\"has-text-align-center has-neve-text-color-color has-text-color\"> Somos um canil familiar especializado na cria\u00e7\u00e3o de c\u00e3es da ra\u00e7a Golden Retriever e Doberman. Se voc\u00ea est\u00e1 disposto a receber todo o amor que eles podem proporcionar, seja bem vindo e venha conhecer pessoalmente as nossas ninhadas. <\/p>\n\n\n\n<div id=\"wp-block-themeisle-blocks-button-group-f680caa2\" class=\"wp-block-themeisle-blocks-button-group wp-block-buttons align-center\">\n<div id=\"wp-block-themeisle-blocks-button-16615b30\" class=\"wp-block-themeisle-blocks-button wp-block-button\"><a target=\"_self\" rel=\"noopener noreferrer\" class=\"wp-block-button__link\"><span>CANIL<\/span><\/a><\/div>\n<\/div>\n<\/div>\n<\/div><\/div>\n\n\n\n<div id=\"wp-block-themeisle-blocks-advanced-columns-385009c6\" class=\"wp-block-themeisle-blocks-advanced-columns alignfull has-2-columns has-desktop-equal-layout has-tablet-equal-layout has-mobile-collapsedRows-layout has-reverse-columns-mobile has-vertical-unset\"><div class=\"wp-block-themeisle-blocks-advanced-columns-overlay\"><\/div><div class=\"innerblocks-wrap\">\n<div id=\"wp-block-themeisle-blocks-advanced-column-8c567e6b\" class=\"wp-block-themeisle-blocks-advanced-column\">\n<p id=\"wp-block-themeisle-blocks-font-awesome-icons-d028276a\" class=\"wp-block-themeisle-blocks-font-awesome-icons\"><span class=\"wp-block-themeisle-blocks-font-awesome-icons-container\"><i class=\"fas fa-bone\"><\/i><\/span><\/p>\n\n\n\n<h2 id=\"wp-block-themeisle-blocks-advanced-heading-821e89be\" class=\"wp-block-themeisle-blocks-advanced-heading wp-block-themeisle-blocks-advanced-heading-821e89be\">  Cuidados com quem j\u00e1 faz parte da sua fam\u00edlia  <\/h2>\n\n\n\n<p class=\"has-text-align-center\"> Imagine um banho com \u00e1gua morninha, ambiente todo climatizado, tosa e detalhes carinhosos na est\u00e9tica do seu animalzinho. Somos muito caprichosos e cuidadosos com as tosas e dispomos de diversos acess\u00f3rios para deixar seus animais ainda mais bonitos ap\u00f3s o banho. <\/p>\n\n\n\n<div id=\"wp-block-themeisle-blocks-button-group-331b5f0a\" class=\"wp-block-themeisle-blocks-button-group wp-block-buttons align-center\">\n<div id=\"wp-block-themeisle-blocks-button-f03ab25c\" class=\"wp-block-themeisle-blocks-button wp-block-button\"><a target=\"_self\" rel=\"noopener noreferrer\" class=\"wp-block-button__link\"><span>PET SHOP<\/span><\/a><\/div>\n<\/div>\n<\/div>\n\n\n\n<div id=\"wp-block-themeisle-blocks-advanced-column-a25ca12f\" class=\"wp-block-themeisle-blocks-advanced-column\"><\/div>\n<\/div><\/div>\n\n\n\n<div id=\"wp-block-themeisle-blocks-advanced-columns-e6d00326\" class=\"wp-block-themeisle-blocks-advanced-columns alignfull has-2-columns has-desktop-equal-layout has-tablet-equal-layout has-mobile-collapsedRows-layout has-vertical-unset\"><div class=\"wp-block-themeisle-blocks-advanced-columns-overlay\"><\/div><div class=\"innerblocks-wrap\">\n<div id=\"wp-block-themeisle-blocks-advanced-column-73129f11\" class=\"wp-block-themeisle-blocks-advanced-column\">\n<div style=\"height:20px\" aria-hidden=\"true\" class=\"wp-block-spacer\"><\/div>\n<\/div>\n\n\n\n<div id=\"wp-block-themeisle-blocks-advanced-column-f278cac0\" class=\"wp-block-themeisle-blocks-advanced-column\">\n<p id=\"wp-block-themeisle-blocks-font-awesome-icons-b380d0ab\" class=\"wp-block-themeisle-blocks-font-awesome-icons\"><span class=\"wp-block-themeisle-blocks-font-awesome-icons-container\"><i class=\"fas fa-globe-americas\"><\/i><\/span><\/p>\n\n\n\n<h2 id=\"wp-block-themeisle-blocks-advanced-heading-275ff5a3\" class=\"wp-block-themeisle-blocks-advanced-heading wp-block-themeisle-blocks-advanced-heading-275ff5a3\"> Sua viagem com mais tranquilidade  <\/h2>\n\n\n\n<p class=\"has-text-align-center\"> Oferecemos um servi\u00e7o especializado para dar o carinho e o cuidado que o seu c\u00e3o precisa enquanto voc\u00ea est\u00e1 fora, com um espa\u00e7o que foi projetado para recebe-los com seguran\u00e7a e conforto, al\u00e9m de divers\u00e3o, muita divers\u00e3o. <\/p>\n\n\n\n<div id=\"wp-block-themeisle-blocks-button-group-4af19ddb\" class=\"wp-block-themeisle-blocks-button-group wp-block-buttons align-center\">\n<div id=\"wp-block-themeisle-blocks-button-dbeecd16\" class=\"wp-block-themeisle-blocks-button wp-block-button\"><a target=\"_self\" rel=\"noopener noreferrer\" class=\"wp-block-button__link\"><span>HOTEL<\/span><\/a><\/div>\n<\/div>\n<\/div>\n<\/div><\/div>\n\n\n\n<div id=\"wp-block-themeisle-blocks-advanced-columns-2eeda035\" class=\"wp-block-themeisle-blocks-advanced-columns alignfull has-1-columns has-desktop-equal-layout has-tablet-equal-layout has-mobile-equal-layout has-vertical-unset\"><div class=\"wp-block-themeisle-blocks-advanced-columns-overlay\"><\/div><div class=\"innerblocks-wrap\">\n<div id=\"wp-block-themeisle-blocks-advanced-column-23a2196c\" class=\"wp-block-themeisle-blocks-advanced-column\">\n<div id=\"wp-block-themeisle-blocks-button-group-b48dbcbe\" class=\"wp-block-themeisle-blocks-button-group wp-block-buttons align-center\">\n<div id=\"wp-block-themeisle-blocks-button-21591620\" class=\"wp-block-themeisle-blocks-button wp-block-button\"><a href=\"\" target=\"_self\" rel=\"noopener noreferrer\" class=\"wp-block-button__link\"><i class=\"fas fa-fw fa-star\"><\/i><\/a><\/div>\n\n\n\n<div id=\"wp-block-themeisle-blocks-button-1ffe4ffb\" class=\"wp-block-themeisle-blocks-button wp-block-button\"><a href=\"\" target=\"_self\" rel=\"noopener noreferrer\" class=\"wp-block-button__link\"><i class=\"fas fa-fw fa-star\"><\/i><\/a><\/div>\n\n\n\n<div id=\"wp-block-themeisle-blocks-button-c1a1a0a1\" class=\"wp-block-themeisle-blocks-button wp-block-button\"><a href=\"\" target=\"_self\" rel=\"noopener noreferrer\" class=\"wp-block-button__link\"><i class=\"fas fa-fw fa-star\"><\/i><\/a><\/div>\n\n\n\n<div id=\"wp-block-themeisle-blocks-button-16b4f381\" class=\"wp-block-themeisle-blocks-button wp-block-button\"><a href=\"\" target=\"_self\" rel=\"noopener noreferrer\" class=\"wp-block-button__link\"><i class=\"fas fa-fw fa-star\"><\/i><\/a><\/div>\n\n\n\n<div id=\"wp-block-themeisle-blocks-button-ced6d765\" class=\"wp-block-themeisle-blocks-button wp-block-button\"><a href=\"\" target=\"_self\" rel=\"noopener noreferrer\" class=\"wp-block-button__link\"><i class=\"fas fa-fw fa-star\"><\/i><\/a><\/div>\n<\/div>\n\n\n\n<p class=\"has-text-align-center has-text-color-color has-text-color\" style=\"font-size:19px\"> \u201cFiquei muito satisfeita com o atendimento, foram super r\u00e1pidos e atenciosos em me responder pelo WhatsApp. Os pre\u00e7os s\u00e3o super acess\u00edveis e os produtos de \u00f3tima qualidade. Com certeza voltaremos mais vezes! Super indico!\u201d <\/p>\n\n\n<div class=\"wp-block-image is-style-circle-mask is-style-rounded\">\n<figure class=\"aligncenter size-thumbnail is-resized\"><img loading=\"lazy\" decoding=\"async\" src=\"https:\/\/vbk.pet\/www\/wp-content\/uploads\/2022\/04\/Debora-150x150.jpg\" alt=\"\" class=\"wp-image-442\" style=\"width:100px;height:100px\" width=\"100\" height=\"100\" srcset=\"https:\/\/vbk.pet\/www\/wp-content\/uploads\/2022\/04\/Debora-150x150.jpg 150w, https:\/\/vbk.pet\/www\/wp-content\/uploads\/2022\/04\/Debora-300x300.jpg 300w, https:\/\/vbk.pet\/www\/wp-content\/uploads\/2022\/04\/Debora-1024x1024.jpg 1024w, https:\/\/vbk.pet\/www\/wp-content\/uploads\/2022\/04\/Debora-768x768.jpg 768w, https:\/\/vbk.pet\/www\/wp-content\/uploads\/2022\/04\/Debora.jpg 1080w\" sizes=\"auto, (max-width: 100px) 100vw, 100px\" \/><\/figure>\n<\/div>\n\n\n<h5 id=\"wp-block-themeisle-blocks-advanced-heading-8def737e\" class=\"wp-block-themeisle-blocks-advanced-heading wp-block-themeisle-blocks-advanced-heading-8def737e\">D\u00e9bora Silva<\/h5>\n\n\n\n<p class=\"has-text-align-center has-small-font-size\">Cliente<\/p>\n<\/div>\n<\/div><\/div>\n\n\n\n<div id=\"wp-block-themeisle-blocks-advanced-columns-5214def4\" class=\"wp-block-themeisle-blocks-advanced-columns alignfull has-2-columns hide-in-desktop hide-in-tablet hide-in-mobile has-vertical-unset\"><div class=\"wp-block-themeisle-blocks-advanced-columns-overlay\"><\/div><div class=\"innerblocks-wrap\">\n<div id=\"wp-block-themeisle-blocks-advanced-column-24e2ac6a\" class=\"wp-block-themeisle-blocks-advanced-column\">\n<h2 id=\"wp-block-themeisle-blocks-advanced-heading-f26fb0e0\" class=\"wp-block-themeisle-blocks-advanced-heading wp-block-themeisle-blocks-advanced-heading-f26fb0e0\"> Lorem <\/h2>\n\n\n\n<div id=\"wp-block-themeisle-blocks-icon-list-5132cf4c\" class=\"wp-block-themeisle-blocks-icon-list is-style-horizontal\">\n<div id=\"wp-block-themeisle-blocks-icon-list-item-4c119fd7\" class=\"wp-block-themeisle-blocks-icon-list-item\"><i class=\"fas fa-check wp-block-themeisle-blocks-icon-list-item-icon\"><\/i><p class=\"wp-block-themeisle-blocks-icon-list-item-content\"><strong>100% Ipsum<\/strong><\/p><\/div>\n\n\n\n<div id=\"wp-block-themeisle-blocks-icon-list-item-aab102e4\" class=\"wp-block-themeisle-blocks-icon-list-item\"><i class=\"fas fa-check wp-block-themeisle-blocks-icon-list-item-icon\"><\/i><p class=\"wp-block-themeisle-blocks-icon-list-item-content\"><strong>No copy<\/strong><\/p><\/div>\n<\/div>\n<\/div>\n\n\n\n<div id=\"wp-block-themeisle-blocks-advanced-column-cdb7859e\" class=\"wp-block-themeisle-blocks-advanced-column\">\n<div id=\"wp-block-themeisle-blocks-button-group-fc681a4e\" class=\"wp-block-themeisle-blocks-button-group wp-block-buttons align-right\">\n<div id=\"wp-block-themeisle-blocks-button-687a9463\" class=\"wp-block-themeisle-blocks-button wp-block-button\"><a href=\"\" target=\"_self\" rel=\"noopener noreferrer\" class=\"wp-block-button__link\"><span>Not Click Here<\/span><\/a><\/div>\n<\/div>\n<\/div>\n<\/div><\/div>\n\n\n\n<div id=\"wp-block-themeisle-blocks-advanced-columns-6cbb0867\" class=\"wp-block-themeisle-blocks-advanced-columns alignfull has-2-columns has-desktop-twoOne-layout has-tablet-equal-layout has-mobile-collapsedRows-layout has-vertical-unset\"><div class=\"wp-block-themeisle-blocks-advanced-columns-overlay\"><\/div><div class=\"innerblocks-wrap\">\n<div id=\"wp-block-themeisle-blocks-advanced-column-78c641ed\" class=\"wp-block-themeisle-blocks-advanced-column\">\n<h4 id=\"wp-block-themeisle-blocks-advanced-heading-ce95b243\" class=\"wp-block-themeisle-blocks-advanced-heading wp-block-themeisle-blocks-advanced-heading-ce95b243\"><strong>FICOU ALGUMA D\u00daVIDA?<\/strong> <\/h4>\n\n\n\n<h2 id=\"wp-block-themeisle-blocks-advanced-heading-8c6e4149\" class=\"wp-block-themeisle-blocks-advanced-heading wp-block-themeisle-blocks-advanced-heading-8c6e4149\">Perguntas Frequentes <\/h2>\n\n\n\n<h6 id=\"wp-block-themeisle-blocks-advanced-heading-06c94be9\" class=\"wp-block-themeisle-blocks-advanced-heading wp-block-themeisle-blocks-advanced-heading-06c94be9\">Com que frequ\u00eancia devo banhar meu animal?<\/h6>\n\n\n\n<p>Se o animal vive confinado dentro de casa ou apartamento, recomenda-se o banho semanal ou quinzenal. Caso seja mantido apenas no quintal ou canil, ou ainda em \u00e1reas externas como gramados, etc, o banho pode ser mensal.<\/p>\n\n\n\n<hr class=\"wp-block-separator has-text-color has-nv-light-bg-color has-css-opacity has-nv-light-bg-background-color has-background is-style-wide\"\/>\n\n\n\n<h6 id=\"wp-block-themeisle-blocks-advanced-heading-9a04aa44\" class=\"wp-block-themeisle-blocks-advanced-heading wp-block-themeisle-blocks-advanced-heading-9a04aa44\">Que medidas devem ser tomadas para combater as pulgas?<\/h6>\n\n\n\n<p>A pulga pode desencadear alergia e ainda transmitir doen\u00e7as como verminose e anemia infecciosa, por isso \u00e9 imporante estar atento. Hoje existe no mercado uma gama muito ampla de produtos eficazes e seguros para o combate da pulga, e todos eles devem sempre ser prescritos por um m\u00e9dico veterin\u00e1rio, que estar\u00e1 habilitado a indicar os cuidados necess\u00e1rios antes, durante e ap\u00f3s a aplica\u00e7\u00e3o.<\/p>\n\n\n\n<hr class=\"wp-block-separator has-text-color has-nv-light-bg-color has-css-opacity has-nv-light-bg-background-color has-background is-style-wide\"\/>\n\n\n\n<h6 id=\"wp-block-themeisle-blocks-advanced-heading-2d33f7e8\" class=\"wp-block-themeisle-blocks-advanced-heading wp-block-themeisle-blocks-advanced-heading-2d33f7e8\">Com que frequ\u00eancia os c\u00e3es trocam de p\u00ealo?<\/h6>\n\n\n\n<p>Isto \u00e9 controlado por v\u00e1rios fatores: fotoper\u00edodo, temperatura, nutri\u00e7\u00e3o, horm\u00f4nios, gen\u00e9tica e fatores intr\u00ednsecos ainda desconhecidos. A troca \u00e9 considerada normal ou pouco preocupante quando ela n\u00e3o deixa falhas na pelagem e quando a pele e o p\u00ealo est\u00e3o sadios.<\/p>\n\n\n\n<hr class=\"wp-block-separator has-text-color has-nv-light-bg-color has-css-opacity has-nv-light-bg-background-color has-background is-style-wide\"\/>\n<\/div>\n\n\n\n<div id=\"wp-block-themeisle-blocks-advanced-column-10be9dbd\" class=\"wp-block-themeisle-blocks-advanced-column\"><div class=\"wp-block-image is-style-circle-mask\">\n<figure class=\"aligncenter size-full\"><img loading=\"lazy\" decoding=\"async\" width=\"212\" height=\"212\" src=\"https:\/\/vbk.pet\/www\/wp-content\/uploads\/2023\/08\/rosangela.png\" alt=\"\" class=\"wp-image-524\" srcset=\"https:\/\/vbk.pet\/www\/wp-content\/uploads\/2023\/08\/rosangela.png 212w, https:\/\/vbk.pet\/www\/wp-content\/uploads\/2023\/08\/rosangela-150x150.png 150w\" sizes=\"auto, (max-width: 212px) 100vw, 212px\" \/><\/figure>\n<\/div>\n\n\n<hr class=\"wp-block-separator has-text-color has-button-color-color has-css-opacity has-button-color-background-color has-background\"\/>\n\n\n\n<h3 id=\"wp-block-themeisle-blocks-advanced-heading-9b155459\" class=\"wp-block-themeisle-blocks-advanced-heading wp-block-themeisle-blocks-advanced-heading-9b155459\">Rosangela Neves<\/h3>\n\n\n\n<h6 id=\"wp-block-themeisle-blocks-advanced-heading-7ba70663\" class=\"wp-block-themeisle-blocks-advanced-heading wp-block-themeisle-blocks-advanced-heading-7ba70663\">Propriet\u00e1ria<\/h6>\n\n\n\n<p><\/p>\n\n\n\n<div id=\"wp-block-themeisle-blocks-button-group-b10d43a4\" class=\"wp-block-themeisle-blocks-button-group wp-block-buttons align-center\">\n<div id=\"wp-block-themeisle-blocks-button-f5de91a7\" class=\"wp-block-themeisle-blocks-button wp-block-button is-style-fill\"><a href=\"https:\/\/vbk.pet\/www\/contato\/\" target=\"_self\" rel=\"noopener noreferrer\" class=\"wp-block-button__link\"><span>FALE CONOSCO<\/span><\/a><\/div>\n<\/div>\n<\/div>\n<\/div><\/div>\n","protected":false},"excerpt":{"rendered":"","protected":false},"author":1,"featured_media":0,"parent":0,"menu_order":0,"comment_status":"closed","ping_status":"closed","template":"page-templates\/template-pagebuilder-full-width.php","meta":{"neve_meta_sidebar":"full-width","neve_meta_container":"","neve_meta_enable_content_width":"on","neve_meta_content_width":100,"neve_meta_title_alignment":"","neve_meta_author_avatar":"","neve_post_elements_order":"","neve_meta_disable_header":"","neve_meta_disable_footer":"","neve_meta_disable_title":"","_themeisle_gutenberg_block_has_review":false,"_ti_tpc_template_sync":false,"_ti_tpc_template_id":"xgu74r3gnfe7ispn9npq","footnotes":""},"class_list":["post-322","page","type-page","status-publish","hentry"],"_links":{"self":[{"href":"https:\/\/vbk.pet\/www\/wp-json\/wp\/v2\/pages\/322","targetHints":{"allow":["GET"]}}],"collection":[{"href":"https:\/\/vbk.pet\/www\/wp-json\/wp\/v2\/pages"}],"about":[{"href":"https:\/\/vbk.pet\/www\/wp-json\/wp\/v2\/types\/page"}],"author":[{"embeddable":true,"href":"https:\/\/vbk.pet\/www\/wp-json\/wp\/v2\/users\/1"}],"replies":[{"embeddable":true,"href":"https:\/\/vbk.pet\/www\/wp-json\/wp\/v2\/comments?post=322"}],"version-history":[{"count":15,"href":"https:\/\/vbk.pet\/www\/wp-json\/wp\/v2\/pages\/322\/revisions"}],"predecessor-version":[{"id":525,"href":"https:\/\/vbk.pet\/www\/wp-json\/wp\/v2\/pages\/322\/revisions\/525"}],"wp:attachment":[{"href":"https:\/\/vbk.pet\/www\/wp-json\/wp\/v2\/media?parent=322"}],"curies":[{"name":"wp","href":"https:\/\/api.w.org\/{rel}","templated":true}]}}