{"id":316,"date":"2020-03-27T12:59:14","date_gmt":"2020-03-27T15:59:14","guid":{"rendered":"https:\/\/demosites.io\/energy-panels-gb\/?page_id=316"},"modified":"2022-05-26T11:38:05","modified_gmt":"2022-05-26T14:38:05","slug":"inicio","status":"publish","type":"page","link":"https:\/\/vbk.pet\/www\/","title":{"rendered":"In\u00edcio"},"content":{"rendered":"\n<div id=\"wp-block-themeisle-blocks-advanced-columns-3f146ee5\" class=\"wp-block-themeisle-blocks-advanced-columns alignfull has-1-columns has-desktop-equal-layout has-tablet-equal-layout has-mobile-equal-layout has-vertical-unset\"><div class=\"wp-block-themeisle-blocks-advanced-columns-overlay\"><\/div><div class=\"innerblocks-wrap\">\n<div id=\"wp-block-themeisle-blocks-advanced-column-820e6642\" class=\"wp-block-themeisle-blocks-advanced-column\"><\/div>\n<\/div><\/div>\n\n\n\n<div id=\"wp-block-themeisle-blocks-advanced-columns-357ba788\" class=\"wp-block-themeisle-blocks-advanced-columns alignfull has-2-columns has-desktop-equal-layout has-tablet-equal-layout has-mobile-collapsedRows-layout has-vertical-unset\"><div class=\"wp-block-themeisle-blocks-advanced-columns-overlay\"><\/div><div class=\"innerblocks-wrap\">\n<div id=\"wp-block-themeisle-blocks-advanced-column-95dd2153\" class=\"wp-block-themeisle-blocks-advanced-column\">\n<p id=\"wp-block-themeisle-blocks-font-awesome-icons-5a33527c\" class=\"wp-block-themeisle-blocks-font-awesome-icons\"><span class=\"wp-block-themeisle-blocks-font-awesome-icons-container\"><i class=\"fas fa-shower\"><\/i><\/span><\/p>\n\n\n\n<h1 id=\"wp-block-themeisle-blocks-advanced-heading-7610a0be\" class=\"wp-block-themeisle-blocks-advanced-heading wp-block-themeisle-blocks-advanced-heading-7610a0be\"> Pet Shop <\/h1>\n\n\n\n<h6 id=\"wp-block-themeisle-blocks-advanced-heading-9a40aaf8\" class=\"wp-block-themeisle-blocks-advanced-heading wp-block-themeisle-blocks-advanced-heading-9a40aaf8\"> Agora vamos cuidar do seu pet com todo o carinho que cuidamos dos nossos <\/h6>\n\n\n\n<div style=\"height:20px\" aria-hidden=\"true\" class=\"wp-block-spacer\"><\/div>\n\n\n\n<div id=\"wp-block-themeisle-blocks-button-group-067d3d03\" class=\"wp-block-themeisle-blocks-button-group wp-block-buttons align-center\">\n<div id=\"wp-block-themeisle-blocks-button-cf45059e\" class=\"wp-block-themeisle-blocks-button wp-block-button is-style-fill\"><a href=\"https:\/\/vbk.pet\/www\/servicos\/\" target=\"_self\" rel=\"noopener noreferrer\" class=\"wp-block-button__link\"><span>Saiba mais<\/span><\/a><\/div>\n<\/div>\n<\/div>\n\n\n\n<div id=\"wp-block-themeisle-blocks-advanced-column-2749e8e3\" class=\"wp-block-themeisle-blocks-advanced-column\">\n<p id=\"wp-block-themeisle-blocks-font-awesome-icons-8c2cb5fe\" class=\"wp-block-themeisle-blocks-font-awesome-icons\"><span class=\"wp-block-themeisle-blocks-font-awesome-icons-container\"><i class=\"fas fa-paw\"><\/i><\/span><\/p>\n\n\n\n<h1 id=\"wp-block-themeisle-blocks-advanced-heading-b6c0a3b1\" class=\"wp-block-themeisle-blocks-advanced-heading wp-block-themeisle-blocks-advanced-heading-b6c0a3b1\"> Canil <\/h1>\n\n\n\n<h6 id=\"wp-block-themeisle-blocks-advanced-heading-b2d4e354\" class=\"wp-block-themeisle-blocks-advanced-heading wp-block-themeisle-blocks-advanced-heading-b2d4e354\"> Somos refer\u00eancia na cria\u00e7\u00e3o de<br>Doberman e Golden Retriever<\/h6>\n\n\n\n<div style=\"height:20px\" aria-hidden=\"true\" class=\"wp-block-spacer\"><\/div>\n\n\n\n<div id=\"wp-block-themeisle-blocks-button-group-ddcf260f\" class=\"wp-block-themeisle-blocks-button-group wp-block-buttons align-center\">\n<div id=\"wp-block-themeisle-blocks-button-a9e3d914\" class=\"wp-block-themeisle-blocks-button wp-block-button\"><a href=\"https:\/\/vbk.pet\/www\/servicos\/\" target=\"_self\" rel=\"noopener noreferrer\" class=\"wp-block-button__link\"><span>Saiba mais<\/span><\/a><\/div>\n<\/div>\n\n\n\n<div style=\"height:20px\" aria-hidden=\"true\" class=\"wp-block-spacer\"><\/div>\n<\/div>\n<\/div><\/div>\n\n\n\n<div id=\"wp-block-themeisle-blocks-advanced-columns-b413d8dc\" class=\"wp-block-themeisle-blocks-advanced-columns alignfull has-2-columns has-desktop-equal-layout has-tablet-equal-layout has-mobile-collapsedRows-layout has-vertical-unset\"><div class=\"wp-block-themeisle-blocks-advanced-columns-overlay\"><\/div><div class=\"innerblocks-wrap\">\n<div id=\"wp-block-themeisle-blocks-advanced-column-64136abe\" class=\"wp-block-themeisle-blocks-advanced-column\"><\/div>\n\n\n\n<div id=\"wp-block-themeisle-blocks-advanced-column-28c3d287\" class=\"wp-block-themeisle-blocks-advanced-column\">\n<h4 id=\"wp-block-themeisle-blocks-advanced-heading-a02f8e43\" class=\"wp-block-themeisle-blocks-advanced-heading wp-block-themeisle-blocks-advanced-heading-a02f8e43\"> <strong>VON BORGHEN KENNEL<\/strong> <\/h4>\n\n\n\n<h2 id=\"wp-block-themeisle-blocks-advanced-heading-e0cd839c\" class=\"wp-block-themeisle-blocks-advanced-heading wp-block-themeisle-blocks-advanced-heading-e0cd839c\">Sobre o VBK <\/h2>\n\n\n\n<p>O Canil conta com uma infraestrutura adequada e com pessoal capacitado no manejo e tratamento dos c\u00e3es.<br>As novidades sempre nos moveram e estamos atentos ao mercado, buscando trazer o que h\u00e1 de mais novo e eficaz para proporcionar sa\u00fade e bem-estar aos pets.<br>Criamos nossos c\u00e3es considerando em primeiro lugar a necessidade de espa\u00e7o pelo porte de ambas as ra\u00e7as.&nbsp; <\/p>\n<\/div>\n<\/div><\/div>\n\n\n\n<div id=\"wp-block-themeisle-blocks-advanced-columns-2eeda035\" class=\"wp-block-themeisle-blocks-advanced-columns alignfull has-1-columns hide-in-desktop hide-in-tablet hide-in-mobile has-vertical-unset\"><div class=\"wp-block-themeisle-blocks-advanced-columns-overlay\"><\/div><div class=\"innerblocks-wrap\">\n<div id=\"wp-block-themeisle-blocks-advanced-column-23a2196c\" class=\"wp-block-themeisle-blocks-advanced-column nl-form\">\n<h2 class=\"has-text-align-center has-neve-text-color-color has-text-color wp-block-heading\">Receba nossas novidades<\/h2>\n\n\n\n<p id=\"wp-block-themeisle-blocks-advanced-heading-b0a1497c\" class=\"wp-block-themeisle-blocks-advanced-heading wp-block-themeisle-blocks-advanced-heading-b0a1497c\">Saiba em primeira m\u00e3o o que h\u00e1 de novo no VBK<\/p>\n\n\n\n<style>\n    .followit--follow-form-container[attr-a][attr-b][attr-c][attr-d][attr-e][attr-f] .form-preview {\n      display: flex !important;\n      flex-direction: column !important;\n      justify-content: center !important;\n      margin-top: 0px !important;\n      padding: clamp(17px, 5%, 40px) clamp(17px, 7%, 50px) !important;\n      max-width: none !important;\n      border-radius: 0px !important;\n      box-shadow: none;\n    }\n    .followit--follow-form-container[attr-a][attr-b][attr-c][attr-d][attr-e][attr-f] .form-preview,\n    .followit--follow-form-container[attr-a][attr-b][attr-c][attr-d][attr-e][attr-f] .form-preview *{\n      box-sizing: border-box !important;\n    }\n    .followit--follow-form-container[attr-a][attr-b][attr-c][attr-d][attr-e][attr-f] .form-preview .preview-heading {\n      width: 100% !important;\n    }\n    .followit--follow-form-container[attr-a][attr-b][attr-c][attr-d][attr-e][attr-f] .form-preview .preview-heading h5{\n      margin-top: 0 !important;\n      margin-bottom: 0 !important;\n    }\n    .followit--follow-form-container[attr-a][attr-b][attr-c][attr-d][attr-e][attr-f] .form-preview .preview-input-field {\n      margin-top: 20px !important;\n      width: 100% !important;\n    }\n    .followit--follow-form-container[attr-a][attr-b][attr-c][attr-d][attr-e][attr-f] .form-preview .preview-input-field input {\n      width: 100% !important;\n      height: 40px !important;\n      border-radius: 0px !important;\n      border: 2px solid #e9e8e8 !important;\n      background-color:var(--nv-site-bg) !important;\n      outline: none !important;\n    }\n    .followit--follow-form-container[attr-a][attr-b][attr-c][attr-d][attr-e][attr-f] .form-preview .preview-input-field input {\n      color: var(--nv-text-color) !important;\n      font-family: \"Arial\" !important;\n      font-size: 14px !important;\n      font-weight: 400 !important;\n      line-height: 20px !important;\n      text-align: center !important;\n    }\n    .followit--follow-form-container[attr-a][attr-b][attr-c][attr-d][attr-e][attr-f] .form-preview .preview-input-field input::placeholder {\n      color: var(--nv-text-color) !important;\n      opacity: 1 !important;\n    }\n    \n    .followit--follow-form-container[attr-a][attr-b][attr-c][attr-d][attr-e][attr-f] .form-preview .preview-input-field input:-ms-input-placeholder {\n      color: #000000 !important;\n    }\n    \n    .followit--follow-form-container[attr-a][attr-b][attr-c][attr-d][attr-e][attr-f] .form-preview .preview-input-field input::-ms-input-placeholder {\n      color: #000000 !important;\n    }\n    .followit--follow-form-container[attr-a][attr-b][attr-c][attr-d][attr-e][attr-f] .form-preview .preview-submit-button {\n      margin-top: 10px !important;\n      width: 100% !important;\n    }\n    .followit--follow-form-container[attr-a][attr-b][attr-c][attr-d][attr-e][attr-f] .form-preview .preview-submit-button button {\n      width: 100% !important;\n      height: 40px !important;\n      border: 0 !important;\n      border-radius: 0px !important;\n      line-height: 0px !important;\n    }\n    .followit--follow-form-container[attr-a][attr-b][attr-c][attr-d][attr-e][attr-f] .form-preview .preview-submit-button button:hover {\n      cursor: pointer !important;\n      background-color: var(--nv-secondary-accent);\n    }\n    .followit--follow-form-container[attr-a][attr-b][attr-c][attr-d][attr-e][attr-f] .powered-by-line {\n      color: #231f20 !important;\n      font-family: \"Arial\" !important;\n      font-size: 13px !important;\n      font-weight: 400 !important;\n      line-height: 25px !important;\n      text-align: center !important;\n      text-decoration: none !important;\n      display: flex !important;\n      width: 100% !important;\n      justify-content: center !important;\n      align-items: center !important;\n      margin-top: 10px !important;\n    }\n    .followit--follow-form-container[attr-a][attr-b][attr-c][attr-d][attr-e][attr-f] .powered-by-line img {\n      margin-left: 10px !important;\n      height: 1.13em !important;\n      max-height: 1.13em !important;\n    }\n    <\/style><div class=\"followit--follow-form-container\" attr-a=\"\" attr-b=\"\" attr-c=\"\" attr-d=\"\" attr-e=\"\" attr-f=\"\"><form data-v-390679af=\"\" action=\"https:\/\/api.follow.it\/subscribe?pub=a6Lh6PN9w3iW6I80Efmg-g\" method=\"post\"><div data-v-390679af=\"\" class=\"form-preview\" style=\"background-color: var(--nv-site-bg); position: relative;\"> <div data-v-390679af=\"\" class=\"preview-input-field\"><input data-v-390679af=\"\" type=\"email\" name=\"email\" required=\"required\" placeholder=\"awesomemail@gmail.com\" spellcheck=\"false\" style=\"text-transform: none !important; font-family: Arial; font-weight: normal; color: var(--nv-text-color); font-size: 14px; text-align: center; background-color: rgb(255, 255, 255);\"><\/div> <div data-v-390679af=\"\" class=\"preview-submit-button\"><button data-v-390679af=\"\" type=\"submit\" style=\"text-transform: none !important; font-family: Arial; font-weight: bold; color: rgb(255, 255, 255); font-size: 16px; text-align: center; background-color: var(--nv-primary-accent);\">Subscribe<\/button><\/div><\/div><\/form><a href=\"https:\/\/follow.it\" class=\"powered-by-line\">Powered by <img decoding=\"async\" src=\"https:\/\/follow.it\/static\/img\/colored-logo.svg\" alt=\"follow.it\" height=\"17px\"><\/a><\/div>\n<\/div>\n<\/div><\/div>\n\n\n\n<section id=\"wp-block-themeisle-blocks-advanced-columns-dab9e0bf\" class=\"wp-block-themeisle-blocks-advanced-columns alignfull has-1-columns has-desktop-equal-layout has-tablet-equal-layout has-mobile-equal-layout has-vertical-flex-start\"><div class=\"wp-block-themeisle-blocks-advanced-columns-overlay\"><\/div><div class=\"innerblocks-wrap\">\n<div id=\"wp-block-themeisle-blocks-advanced-column-9df22226\" class=\"wp-block-themeisle-blocks-advanced-column\">\n<section id=\"wp-block-themeisle-blocks-advanced-columns-25c95699\" class=\"wp-block-themeisle-blocks-advanced-columns has-1-columns has-desktop-equal-layout has-tablet-equal-layout has-mobile-equal-layout has-vertical-flex-start\"><div class=\"wp-block-themeisle-blocks-advanced-columns-overlay\"><\/div><div class=\"innerblocks-wrap\">\n<div id=\"wp-block-themeisle-blocks-advanced-column-d4d9a4f8\" class=\"wp-block-themeisle-blocks-advanced-column\">\n<h4 id=\"wp-block-themeisle-blocks-advanced-heading-e24ff7e0\" class=\"wp-block-themeisle-blocks-advanced-heading wp-block-themeisle-blocks-advanced-heading-e24ff7e0\">DNA COM <strong>PEDIGREE<\/strong><\/h4>\n\n\n\n<h2 id=\"wp-block-themeisle-blocks-advanced-heading-95ebc862\" class=\"wp-block-themeisle-blocks-advanced-heading wp-block-themeisle-blocks-advanced-heading-95ebc862\">Por que somos diferenciados? <\/h2>\n<\/div>\n<\/div><\/section>\n\n\n\n<section id=\"wp-block-themeisle-blocks-advanced-columns-b56443a0\" class=\"wp-block-themeisle-blocks-advanced-columns has-3-columns has-desktop-equal-layout has-tablet-equal-layout has-mobile-collapsedRows-layout has-vertical-flex-start\"><div class=\"wp-block-themeisle-blocks-advanced-columns-overlay\"><\/div><div class=\"innerblocks-wrap\">\n<div id=\"wp-block-themeisle-blocks-advanced-column-1bb9ffb4\" class=\"wp-block-themeisle-blocks-advanced-column\">\n<h3 id=\"wp-block-themeisle-blocks-advanced-heading-908b2ade\" class=\"wp-block-themeisle-blocks-advanced-heading wp-block-themeisle-blocks-advanced-heading-908b2ade\">Vanguarda <\/h3>\n\n\n\n<p class=\"has-nv-text-dark-bg-color has-text-color\">Aplicamos t\u00e9cnicas avan\u00e7adas no cuidado com os pets. <\/p>\n<\/div>\n\n\n\n<div id=\"wp-block-themeisle-blocks-advanced-column-e0a218d6\" class=\"wp-block-themeisle-blocks-advanced-column\">\n<h3 id=\"wp-block-themeisle-blocks-advanced-heading-85e7ac88\" class=\"wp-block-themeisle-blocks-advanced-heading wp-block-themeisle-blocks-advanced-heading-85e7ac88\">Bem-estar <\/h3>\n\n\n\n<p class=\"has-nv-text-dark-bg-color has-text-color\">Tratamos os animais como devem ser tratados: com estima\u00e7\u00e3o. <\/p>\n<\/div>\n\n\n\n<div id=\"wp-block-themeisle-blocks-advanced-column-4814c3ad\" class=\"wp-block-themeisle-blocks-advanced-column\">\n<h3 id=\"wp-block-themeisle-blocks-advanced-heading-63cd0a2c\" class=\"wp-block-themeisle-blocks-advanced-heading wp-block-themeisle-blocks-advanced-heading-63cd0a2c\">Know-How <\/h3>\n\n\n\n<p class=\"has-nv-text-dark-bg-color has-text-color\">Desempenhamos o nosso melhor para permanecer em alto padr\u00e3o.<\/p>\n<\/div>\n<\/div><\/section>\n<\/div>\n<\/div><\/section>\n\n\n\n<div id=\"wp-block-themeisle-blocks-advanced-columns-b4f1b365\" class=\"wp-block-themeisle-blocks-advanced-columns alignfull has-3-columns has-desktop-equal-layout has-tablet-equal-layout has-mobile-collapsedRows-layout has-vertical-unset\"><div class=\"wp-block-themeisle-blocks-advanced-columns-overlay\"><\/div><div class=\"innerblocks-wrap\">\n<div id=\"wp-block-themeisle-blocks-advanced-column-1a98995d\" class=\"wp-block-themeisle-blocks-advanced-column\"><div class=\"wp-block-image\">\n<figure class=\"alignleft size-large\"><img loading=\"lazy\" decoding=\"async\" width=\"1200\" height=\"1200\" src=\"https:\/\/vbk.pet\/www\/wp-content\/uploads\/2022\/05\/IMG-20210831-WA0026-edited.jpg\" alt=\"\" class=\"wp-image-467\" srcset=\"https:\/\/vbk.pet\/www\/wp-content\/uploads\/2022\/05\/IMG-20210831-WA0026-edited.jpg 1200w, https:\/\/vbk.pet\/www\/wp-content\/uploads\/2022\/05\/IMG-20210831-WA0026-edited-300x300.jpg 300w, https:\/\/vbk.pet\/www\/wp-content\/uploads\/2022\/05\/IMG-20210831-WA0026-edited-1024x1024.jpg 1024w, https:\/\/vbk.pet\/www\/wp-content\/uploads\/2022\/05\/IMG-20210831-WA0026-edited-150x150.jpg 150w, https:\/\/vbk.pet\/www\/wp-content\/uploads\/2022\/05\/IMG-20210831-WA0026-edited-768x768.jpg 768w\" sizes=\"auto, (max-width: 1200px) 100vw, 1200px\" \/><\/figure>\n<\/div><\/div>\n\n\n\n<div id=\"wp-block-themeisle-blocks-advanced-column-d999cb1a\" class=\"wp-block-themeisle-blocks-advanced-column\"><div class=\"wp-block-image\">\n<figure class=\"aligncenter size-large\"><img loading=\"lazy\" decoding=\"async\" width=\"900\" height=\"900\" src=\"https:\/\/vbk.pet\/www\/wp-content\/uploads\/2022\/05\/20220514_223948000_iOS-edited.jpg\" alt=\"\" class=\"wp-image-470\" srcset=\"https:\/\/vbk.pet\/www\/wp-content\/uploads\/2022\/05\/20220514_223948000_iOS-edited.jpg 900w, https:\/\/vbk.pet\/www\/wp-content\/uploads\/2022\/05\/20220514_223948000_iOS-edited-300x300.jpg 300w, https:\/\/vbk.pet\/www\/wp-content\/uploads\/2022\/05\/20220514_223948000_iOS-edited-150x150.jpg 150w, https:\/\/vbk.pet\/www\/wp-content\/uploads\/2022\/05\/20220514_223948000_iOS-edited-768x768.jpg 768w\" sizes=\"auto, (max-width: 900px) 100vw, 900px\" \/><\/figure>\n<\/div><\/div>\n\n\n\n<div id=\"wp-block-themeisle-blocks-advanced-column-e529ea39\" class=\"wp-block-themeisle-blocks-advanced-column\"><div class=\"wp-block-image\">\n<figure class=\"alignright size-large\"><img loading=\"lazy\" decoding=\"async\" width=\"1512\" height=\"1512\" src=\"https:\/\/vbk.pet\/www\/wp-content\/uploads\/2022\/05\/20200526_164659_resized-edited.jpg\" alt=\"\" class=\"wp-image-472\" srcset=\"https:\/\/vbk.pet\/www\/wp-content\/uploads\/2022\/05\/20200526_164659_resized-edited.jpg 1512w, https:\/\/vbk.pet\/www\/wp-content\/uploads\/2022\/05\/20200526_164659_resized-edited-300x300.jpg 300w, https:\/\/vbk.pet\/www\/wp-content\/uploads\/2022\/05\/20200526_164659_resized-edited-1024x1024.jpg 1024w, https:\/\/vbk.pet\/www\/wp-content\/uploads\/2022\/05\/20200526_164659_resized-edited-150x150.jpg 150w, https:\/\/vbk.pet\/www\/wp-content\/uploads\/2022\/05\/20200526_164659_resized-edited-768x768.jpg 768w\" sizes=\"auto, (max-width: 1512px) 100vw, 1512px\" \/><\/figure>\n<\/div><\/div>\n<\/div><\/div>\n\n\n\n<div id=\"wp-block-themeisle-blocks-advanced-columns-555b9577\" class=\"wp-block-themeisle-blocks-advanced-columns alignfull has-2-columns has-desktop-equal-layout has-tablet-equal-layout has-mobile-collapsedRows-layout has-vertical-unset\"><div class=\"wp-block-themeisle-blocks-advanced-columns-overlay\"><\/div><div class=\"innerblocks-wrap\">\n<div id=\"wp-block-themeisle-blocks-advanced-column-0435771e\" class=\"wp-block-themeisle-blocks-advanced-column\">\n<h2 id=\"wp-block-themeisle-blocks-advanced-heading-846edd0a\" class=\"wp-block-themeisle-blocks-advanced-heading wp-block-themeisle-blocks-advanced-heading-846edd0a\">Como podemos lhe atender? <\/h2>\n\n\n\n<p class=\"has-neve-text-color-color has-text-color\">Veja nossa rela\u00e7\u00e3o de servi\u00e7os e descubra como podemos prestar os nossos servi\u00e7os para o seu pet<\/p>\n\n\n\n<div style=\"height:20px\" aria-hidden=\"true\" class=\"wp-block-spacer\"><\/div>\n\n\n\n<div id=\"wp-block-themeisle-blocks-button-group-619d717a\" class=\"wp-block-themeisle-blocks-button-group wp-block-buttons align-left\">\n<div id=\"wp-block-themeisle-blocks-button-81456fca\" class=\"wp-block-themeisle-blocks-button wp-block-button is-style-fill\"><a href=\"https:\/\/vbk.pet\/www\/servicos\/\" target=\"_self\" rel=\"noopener noreferrer\" class=\"wp-block-button__link\"><span>Quero saber mais<\/span><\/a><\/div>\n<\/div>\n<\/div>\n\n\n\n<div id=\"wp-block-themeisle-blocks-advanced-column-e500d32c\" class=\"wp-block-themeisle-blocks-advanced-column\"><\/div>\n<\/div><\/div>\n\n\n\n<p><\/p>\n","protected":false},"excerpt":{"rendered":"","protected":false},"author":1,"featured_media":0,"parent":0,"menu_order":0,"comment_status":"closed","ping_status":"closed","template":"page-templates\/template-pagebuilder-full-width.php","meta":{"neve_meta_sidebar":"full-width","neve_meta_container":"","neve_meta_enable_content_width":"on","neve_meta_content_width":100,"neve_meta_title_alignment":"","neve_meta_author_avatar":"","neve_post_elements_order":"","neve_meta_disable_header":"","neve_meta_disable_footer":"","neve_meta_disable_title":"","_themeisle_gutenberg_block_has_review":false,"_ti_tpc_template_sync":false,"_ti_tpc_template_id":"3m0ebhzdfordyp2adcc3","footnotes":""},"class_list":["post-316","page","type-page","status-publish","hentry"],"_links":{"self":[{"href":"https:\/\/vbk.pet\/www\/wp-json\/wp\/v2\/pages\/316","targetHints":{"allow":["GET"]}}],"collection":[{"href":"https:\/\/vbk.pet\/www\/wp-json\/wp\/v2\/pages"}],"about":[{"href":"https:\/\/vbk.pet\/www\/wp-json\/wp\/v2\/types\/page"}],"author":[{"embeddable":true,"href":"https:\/\/vbk.pet\/www\/wp-json\/wp\/v2\/users\/1"}],"replies":[{"embeddable":true,"href":"https:\/\/vbk.pet\/www\/wp-json\/wp\/v2\/comments?post=316"}],"version-history":[{"count":14,"href":"https:\/\/vbk.pet\/www\/wp-json\/wp\/v2\/pages\/316\/revisions"}],"predecessor-version":[{"id":473,"href":"https:\/\/vbk.pet\/www\/wp-json\/wp\/v2\/pages\/316\/revisions\/473"}],"wp:attachment":[{"href":"https:\/\/vbk.pet\/www\/wp-json\/wp\/v2\/media?parent=316"}],"curies":[{"name":"wp","href":"https:\/\/api.w.org\/{rel}","templated":true}]}}